{"id":2221,"date":"2024-10-23T14:56:38","date_gmt":"2024-10-23T14:56:38","guid":{"rendered":"https:\/\/chainreaction.it\/?page_id=2221"},"modified":"2024-10-25T12:42:37","modified_gmt":"2024-10-25T12:42:37","slug":"serbia-assitej-artistic-gathering","status":"publish","type":"page","link":"https:\/\/chainreaction.it\/it\/serbia-assitej-artistic-gathering\/","title":{"rendered":"Serbia &#8211; ASSITEJ Artistic Gathering"},"content":{"rendered":"<div data-elementor-type=\"wp-page\" data-elementor-id=\"2221\" class=\"elementor elementor-2221\" data-elementor-post-type=\"page\">\n\t\t\t\t\t\t<section class=\"elementor-section elementor-top-section elementor-element elementor-element-73b50ed3 elementor-section-boxed elementor-section-height-default elementor-section-height-default\" data-id=\"73b50ed3\" data-element_type=\"section\" data-e-type=\"section\">\n\t\t\t\t\t\t<div class=\"elementor-container elementor-column-gap-default\">\n\t\t\t\t\t<div class=\"elementor-column elementor-col-50 elementor-top-column elementor-element elementor-element-53bddd12\" data-id=\"53bddd12\" data-element_type=\"column\" data-e-type=\"column\">\n\t\t\t<div class=\"elementor-widget-wrap elementor-element-populated\">\n\t\t\t\t\t\t<div class=\"elementor-element elementor-element-1af7a3e1 elementor-widget elementor-widget-text-editor\" data-id=\"1af7a3e1\" data-element_type=\"widget\" data-e-type=\"widget\" data-widget_type=\"text-editor.default\">\n\t\t\t\t<div class=\"elementor-widget-container\">\n\t\t\t\t\t\t\t\t\t<p>Chain Reaction Dialogues<\/p>\t\t\t\t\t\t\t\t<\/div>\n\t\t\t\t<\/div>\n\t\t\t\t<div class=\"elementor-element elementor-element-23a5326a elementor-widget elementor-widget-text-editor\" data-id=\"23a5326a\" data-element_type=\"widget\" data-e-type=\"widget\" data-widget_type=\"text-editor.default\">\n\t\t\t\t<div class=\"elementor-widget-container\">\n\t\t\t\t\t\t\t\t\t<p>December 18, 2023<\/p><p>Online\u00a0<\/p>\t\t\t\t\t\t\t\t<\/div>\n\t\t\t\t<\/div>\n\t\t\t\t<div class=\"elementor-element elementor-element-2c16ba4f elementor-widget elementor-widget-text-editor\" data-id=\"2c16ba4f\" data-element_type=\"widget\" data-e-type=\"widget\" data-widget_type=\"text-editor.default\">\n\t\t\t\t<div class=\"elementor-widget-container\">\n\t\t\t\t\t\t\t\t\t<p><strong>OSPITI<br \/><\/strong><\/p><p><span style=\"color: #000000;\">\ud83c\uddf7\ud83c\uddf8 Diana Kr\u017eani\u0107 Tepavac e Tatjana Nikoli\u0107 (Assitej Serbia)<br \/>\ud83c\uddee\ud83c\uddf9 Sara Moscardini (Collettivo LAN-DE-S\u00ec)<br \/>\ud83c\uddee\ud83c\uddf9 Laura Soriato (Kuziba)<br \/>\ud83c\uddee\ud83c\uddf9 Arianna Baroni (La luna nel letto)<\/span><strong><br \/><\/strong><\/p>\t\t\t\t\t\t\t\t<\/div>\n\t\t\t\t<\/div>\n\t\t\t\t\t<\/div>\n\t\t<\/div>\n\t\t\t\t<div class=\"elementor-column elementor-col-50 elementor-top-column elementor-element elementor-element-3833a054\" data-id=\"3833a054\" data-element_type=\"column\" data-e-type=\"column\">\n\t\t\t<div class=\"elementor-widget-wrap elementor-element-populated\">\n\t\t\t\t\t\t<div class=\"elementor-element elementor-element-65ee955d elementor-widget__width-initial elementor-widget elementor-widget-video\" data-id=\"65ee955d\" data-element_type=\"widget\" data-e-type=\"widget\" data-settings=\"{&quot;youtube_url&quot;:&quot;https:\\\/\\\/www.youtube.com\\\/watch?v=zp9nXLiOL5o&quot;,&quot;video_type&quot;:&quot;youtube&quot;,&quot;controls&quot;:&quot;yes&quot;}\" data-widget_type=\"video.default\">\n\t\t\t\t<div class=\"elementor-widget-container\">\n\t\t\t\t\t\t\t<div class=\"elementor-wrapper elementor-open-inline\">\n\t\t\t<div class=\"elementor-video\"><\/div>\t\t<\/div>\n\t\t\t\t\t\t<\/div>\n\t\t\t\t<\/div>\n\t\t\t\t\t<\/div>\n\t\t<\/div>\n\t\t\t\t\t<\/div>\n\t\t<\/section>\n\t\t\t\t<\/div>","protected":false},"excerpt":{"rendered":"<p>Chain Reaction Dialogues December 18, 2023 Online\u00a0 GUESTS \ud83c\uddf7\ud83c\uddf8 Diana Kr\u017eani\u0107 Tepavac e Tatjana Nikoli\u0107 (Assitej Serbia)\ud83c\uddee\ud83c\uddf9 Sara Moscardini (Collettivo LAN-DE-S\u00ec)\ud83c\uddee\ud83c\uddf9 Laura Soriato (Kuziba)\ud83c\uddee\ud83c\uddf9 Arianna Baroni (La luna nel letto) https:\/\/www.youtube.com\/watch?v=zp9nXLiOL5o<\/p>","protected":false},"author":1,"featured_media":0,"parent":0,"menu_order":0,"comment_status":"closed","ping_status":"closed","template":"","meta":{"_kadence_starter_templates_imported_post":false,"_kad_post_transparent":"","_kad_post_title":"hide","_kad_post_layout":"fullwidth","_kad_post_sidebar_id":"","_kad_post_content_style":"unboxed","_kad_post_vertical_padding":"hide","_kad_post_feature":"hide","_kad_post_feature_position":"","_kad_post_header":false,"_kad_post_footer":false,"footnotes":""},"class_list":["post-2221","page","type-page","status-publish","hentry"],"_links":{"self":[{"href":"https:\/\/chainreaction.it\/it\/wp-json\/wp\/v2\/pages\/2221","targetHints":{"allow":["GET"]}}],"collection":[{"href":"https:\/\/chainreaction.it\/it\/wp-json\/wp\/v2\/pages"}],"about":[{"href":"https:\/\/chainreaction.it\/it\/wp-json\/wp\/v2\/types\/page"}],"author":[{"embeddable":true,"href":"https:\/\/chainreaction.it\/it\/wp-json\/wp\/v2\/users\/1"}],"replies":[{"embeddable":true,"href":"https:\/\/chainreaction.it\/it\/wp-json\/wp\/v2\/comments?post=2221"}],"version-history":[{"count":13,"href":"https:\/\/chainreaction.it\/it\/wp-json\/wp\/v2\/pages\/2221\/revisions"}],"predecessor-version":[{"id":2249,"href":"https:\/\/chainreaction.it\/it\/wp-json\/wp\/v2\/pages\/2221\/revisions\/2249"}],"wp:attachment":[{"href":"https:\/\/chainreaction.it\/it\/wp-json\/wp\/v2\/media?parent=2221"}],"curies":[{"name":"wp","href":"https:\/\/api.w.org\/{rel}","templated":true}]}}