{"id":2114,"date":"2024-04-08T08:07:34","date_gmt":"2024-04-08T08:07:34","guid":{"rendered":"https:\/\/chainreaction.it\/?page_id=2114"},"modified":"2024-04-08T08:50:07","modified_gmt":"2024-04-08T08:50:07","slug":"trallallero-festival-dialogues-2023","status":"publish","type":"page","link":"https:\/\/chainreaction.it\/it\/trallallero-festival-dialogues-2023\/","title":{"rendered":"Trallallero Festival Dialogues 2023"},"content":{"rendered":"<div data-elementor-type=\"wp-page\" data-elementor-id=\"2114\" class=\"elementor elementor-2114\" data-elementor-post-type=\"page\">\n\t\t\t\t\t\t<section class=\"elementor-section elementor-top-section elementor-element elementor-element-22a4c8cb elementor-section-boxed elementor-section-height-default elementor-section-height-default\" data-id=\"22a4c8cb\" data-element_type=\"section\" data-e-type=\"section\">\n\t\t\t\t\t\t<div class=\"elementor-container elementor-column-gap-default\">\n\t\t\t\t\t<div class=\"elementor-column elementor-col-50 elementor-top-column elementor-element elementor-element-3ea259ef\" data-id=\"3ea259ef\" data-element_type=\"column\" data-e-type=\"column\">\n\t\t\t<div class=\"elementor-widget-wrap elementor-element-populated\">\n\t\t\t\t\t\t<div class=\"elementor-element elementor-element-4b169dca elementor-widget elementor-widget-text-editor\" data-id=\"4b169dca\" data-element_type=\"widget\" data-e-type=\"widget\" data-widget_type=\"text-editor.default\">\n\t\t\t\t<div class=\"elementor-widget-container\">\n\t\t\t\t\t\t\t\t\t<p>Chain Reaction Dialogues<\/p>\t\t\t\t\t\t\t\t<\/div>\n\t\t\t\t<\/div>\n\t\t\t\t<div class=\"elementor-element elementor-element-522c57da elementor-widget elementor-widget-text-editor\" data-id=\"522c57da\" data-element_type=\"widget\" data-e-type=\"widget\" data-widget_type=\"text-editor.default\">\n\t\t\t\t<div class=\"elementor-widget-container\">\n\t\t\t\t\t\t\t\t\t<p>7-15 October, 2023<\/p><p>Live Event at <b>Trallallero Festival<\/b>, Tarcento (UD) &#8211; Italy<\/p>\t\t\t\t\t\t\t\t<\/div>\n\t\t\t\t<\/div>\n\t\t\t\t<div class=\"elementor-element elementor-element-7dc08fcd elementor-widget elementor-widget-text-editor\" data-id=\"7dc08fcd\" data-element_type=\"widget\" data-e-type=\"widget\" data-widget_type=\"text-editor.default\">\n\t\t\t\t<div class=\"elementor-widget-container\">\n\t\t\t\t\t\t\t\t\t<p><strong>OSPITI<\/strong><\/p><ul><li><strong>Katarina Kla\u010dnik Kocutar &amp; Tanja Lu\u017ear<\/strong><br \/>(LUTSKO GLEDALI\u0160\u010cE MARIBOR &#8211; Slovenia)<\/li><li><strong>Timen Ko\u017eamelj<\/strong> (GRADSKO KAZALI\u0160TE LUTAKA RIJEKA &#8211; Slovenia)<\/li><li><strong>Tamara Pepelnik &amp; Mojca \u0160pik<\/strong> (HI\u0160A OTROK IN UMETNOSTI LJUBLJANA &#8211; Slovenia)<\/li><li><strong>Lidija Kraljic<\/strong> (TEATAR MJESEC &#8211; Croatia)<\/li><\/ul>\t\t\t\t\t\t\t\t<\/div>\n\t\t\t\t<\/div>\n\t\t\t\t\t<\/div>\n\t\t<\/div>\n\t\t\t\t<div class=\"elementor-column elementor-col-50 elementor-top-column elementor-element elementor-element-7cfc6321\" data-id=\"7cfc6321\" data-element_type=\"column\" data-e-type=\"column\">\n\t\t\t<div class=\"elementor-widget-wrap elementor-element-populated\">\n\t\t\t\t\t\t<div class=\"elementor-element elementor-element-4221cb20 elementor-widget__width-initial elementor-widget elementor-widget-video\" data-id=\"4221cb20\" data-element_type=\"widget\" data-e-type=\"widget\" data-settings=\"{&quot;youtube_url&quot;:&quot;https:\\\/\\\/www.youtube.com\\\/watch?v=GdGqnIcihvk&amp;t=6s&quot;,&quot;video_type&quot;:&quot;youtube&quot;,&quot;controls&quot;:&quot;yes&quot;}\" data-widget_type=\"video.default\">\n\t\t\t\t<div class=\"elementor-widget-container\">\n\t\t\t\t\t\t\t<div class=\"elementor-wrapper elementor-open-inline\">\n\t\t\t<div class=\"elementor-video\"><\/div>\t\t<\/div>\n\t\t\t\t\t\t<\/div>\n\t\t\t\t<\/div>\n\t\t\t\t\t<\/div>\n\t\t<\/div>\n\t\t\t\t\t<\/div>\n\t\t<\/section>\n\t\t\t\t<\/div>","protected":false},"excerpt":{"rendered":"<p>Chain Reaction Dialogues 7-15 October, 2023 Live Event at Trallallero Festival, Tarcento (UD) &#8211; Italy GUESTS Katarina Kla\u010dnik Kocutar &amp; Tanja Lu\u017ear(LUTSKO GLEDALI\u0160\u010cE MARIBOR &#8211; Slovenia) Timen Ko\u017eamelj (GRADSKO KAZALI\u0160TE LUTAKA RIJEKA &#8211; Slovenia) Tamara Pepelnik &amp; Mojca \u0160pik (HI\u0160A OTROK IN UMETNOSTI LJUBLJANA &#8211; Slovenia) Lidija Kraljic (TEATAR MJESEC &#8211; Croatia) https:\/\/www.youtube.com\/watch?v=GdGqnIcihvk&#038;t=6s<\/p>","protected":false},"author":1,"featured_media":0,"parent":0,"menu_order":0,"comment_status":"closed","ping_status":"closed","template":"","meta":{"_kadence_starter_templates_imported_post":false,"_kad_post_transparent":"","_kad_post_title":"hide","_kad_post_layout":"fullwidth","_kad_post_sidebar_id":"","_kad_post_content_style":"unboxed","_kad_post_vertical_padding":"hide","_kad_post_feature":"hide","_kad_post_feature_position":"","_kad_post_header":false,"_kad_post_footer":false,"footnotes":""},"class_list":["post-2114","page","type-page","status-publish","hentry"],"_links":{"self":[{"href":"https:\/\/chainreaction.it\/it\/wp-json\/wp\/v2\/pages\/2114","targetHints":{"allow":["GET"]}}],"collection":[{"href":"https:\/\/chainreaction.it\/it\/wp-json\/wp\/v2\/pages"}],"about":[{"href":"https:\/\/chainreaction.it\/it\/wp-json\/wp\/v2\/types\/page"}],"author":[{"embeddable":true,"href":"https:\/\/chainreaction.it\/it\/wp-json\/wp\/v2\/users\/1"}],"replies":[{"embeddable":true,"href":"https:\/\/chainreaction.it\/it\/wp-json\/wp\/v2\/comments?post=2114"}],"version-history":[{"count":4,"href":"https:\/\/chainreaction.it\/it\/wp-json\/wp\/v2\/pages\/2114\/revisions"}],"predecessor-version":[{"id":2127,"href":"https:\/\/chainreaction.it\/it\/wp-json\/wp\/v2\/pages\/2114\/revisions\/2127"}],"wp:attachment":[{"href":"https:\/\/chainreaction.it\/it\/wp-json\/wp\/v2\/media?parent=2114"}],"curies":[{"name":"wp","href":"https:\/\/api.w.org\/{rel}","templated":true}]}}